{"id":489,"date":"2022-03-24T12:18:29","date_gmt":"2022-03-24T16:18:29","guid":{"rendered":"https:\/\/aip.beresponsive.ca\/facilitator-connections\/"},"modified":"2025-05-26T12:47:31","modified_gmt":"2025-05-26T16:47:31","slug":"connexions-du-facilitateur","status":"publish","type":"page","link":"https:\/\/aipsettlementsupport.ca\/fr\/connexions-du-facilitateur\/","title":{"rendered":"Connexions du facilitateur"},"content":{"rendered":"","protected":true},"excerpt":{"rendered":"","protected":true},"author":3,"featured_media":0,"parent":0,"menu_order":0,"comment_status":"closed","ping_status":"closed","template":"","meta":{"_acf_changed":false,"inline_featured_image":false,"footnotes":""},"class_list":["post-489","page","type-page","status-publish","post-password-required","hentry"],"acf":[],"yoast_head":"<!-- This site is optimized with the Yoast SEO plugin v27.4 - https:\/\/yoast.com\/product\/yoast-seo-wordpress\/ -->\n<title>Connexions du facilitateur - PICA Soutien \u00e0 l\u2019\u00e9tablissement<\/title>\n<meta name=\"description\" content=\"\u00cates-vous int\u00e9ress\u00e9 \u00e0 rencontrer d&#039;autres facilitateurs offrant des programmes en mati\u00e8re de comp\u00e9tences interculturelles aux employeurs PICA?\" \/>\n<meta name=\"robots\" content=\"index, follow, max-snippet:-1, max-image-preview:large, max-video-preview:-1\" \/>\n<link rel=\"canonical\" href=\"https:\/\/aipsettlementsupport.ca\/fr\/connexions-du-facilitateur\/\" \/>\n<meta property=\"og:locale\" content=\"fr_FR\" \/>\n<meta property=\"og:type\" content=\"article\" \/>\n<meta property=\"og:title\" content=\"Connexions du facilitateur - PICA Soutien \u00e0 l\u2019\u00e9tablissement\" \/>\n<meta property=\"og:description\" content=\"\u00cates-vous int\u00e9ress\u00e9 \u00e0 rencontrer d&#039;autres facilitateurs offrant des programmes en mati\u00e8re de comp\u00e9tences interculturelles aux employeurs PICA?\" \/>\n<meta property=\"og:url\" content=\"https:\/\/aipsettlementsupport.ca\/fr\/connexions-du-facilitateur\/\" \/>\n<meta property=\"og:site_name\" content=\"AIP Settlement Support\" \/>\n<meta property=\"article:modified_time\" content=\"2025-05-26T16:47:31+00:00\" \/>\n<meta name=\"twitter:card\" content=\"summary_large_image\" \/>\n<meta name=\"twitter:label1\" content=\"Dur\u00e9e de lecture estim\u00e9e\" \/>\n\t<meta name=\"twitter:data1\" content=\"2 minutes\" \/>\n<script type=\"application\/ld+json\" class=\"yoast-schema-graph\">{\"@context\":\"https:\\\/\\\/schema.org\",\"@graph\":[{\"@type\":\"WebPage\",\"@id\":\"https:\\\/\\\/aipsettlementsupport.ca\\\/fr\\\/connexions-du-facilitateur\\\/\",\"url\":\"https:\\\/\\\/aipsettlementsupport.ca\\\/fr\\\/connexions-du-facilitateur\\\/\",\"name\":\"Connexions du facilitateur - PICA Soutien \u00e0 l\u2019\u00e9tablissement\",\"isPartOf\":{\"@id\":\"https:\\\/\\\/aipsettlementsupport.ca\\\/fr\\\/#website\"},\"datePublished\":\"2022-03-24T16:18:29+00:00\",\"dateModified\":\"2025-05-26T16:47:31+00:00\",\"breadcrumb\":{\"@id\":\"https:\\\/\\\/aipsettlementsupport.ca\\\/fr\\\/connexions-du-facilitateur\\\/#breadcrumb\"},\"inLanguage\":\"fr-FR\"},{\"@type\":\"WebSite\",\"@id\":\"https:\\\/\\\/aipsettlementsupport.ca\\\/fr\\\/#website\",\"url\":\"https:\\\/\\\/aipsettlementsupport.ca\\\/fr\\\/\",\"name\":\"AIP Settlement Support\",\"description\":\"\",\"potentialAction\":[{\"@type\":\"SearchAction\",\"target\":{\"@type\":\"EntryPoint\",\"urlTemplate\":\"https:\\\/\\\/aipsettlementsupport.ca\\\/fr\\\/?s={search_term_string}\"},\"query-input\":{\"@type\":\"PropertyValueSpecification\",\"valueRequired\":true,\"valueName\":\"search_term_string\"}}],\"inLanguage\":\"fr-FR\"}]}<\/script>\n<!-- \/ Yoast SEO plugin. -->","yoast_head_json":{"title":"Connexions du facilitateur - PICA Soutien \u00e0 l\u2019\u00e9tablissement","description":"\u00cates-vous int\u00e9ress\u00e9 \u00e0 rencontrer d'autres facilitateurs offrant des programmes en mati\u00e8re de comp\u00e9tences interculturelles aux employeurs PICA?","robots":{"index":"index","follow":"follow","max-snippet":"max-snippet:-1","max-image-preview":"max-image-preview:large","max-video-preview":"max-video-preview:-1"},"canonical":"https:\/\/aipsettlementsupport.ca\/fr\/connexions-du-facilitateur\/","og_locale":"fr_FR","og_type":"article","og_title":"Connexions du facilitateur - PICA Soutien \u00e0 l\u2019\u00e9tablissement","og_description":"\u00cates-vous int\u00e9ress\u00e9 \u00e0 rencontrer d'autres facilitateurs offrant des programmes en mati\u00e8re de comp\u00e9tences interculturelles aux employeurs PICA?","og_url":"https:\/\/aipsettlementsupport.ca\/fr\/connexions-du-facilitateur\/","og_site_name":"AIP Settlement Support","article_modified_time":"2025-05-26T16:47:31+00:00","twitter_card":"summary_large_image","twitter_misc":{"Dur\u00e9e de lecture estim\u00e9e":"2 minutes"},"schema":{"@context":"https:\/\/schema.org","@graph":[{"@type":"WebPage","@id":"https:\/\/aipsettlementsupport.ca\/fr\/connexions-du-facilitateur\/","url":"https:\/\/aipsettlementsupport.ca\/fr\/connexions-du-facilitateur\/","name":"Connexions du facilitateur - PICA Soutien \u00e0 l\u2019\u00e9tablissement","isPartOf":{"@id":"https:\/\/aipsettlementsupport.ca\/fr\/#website"},"datePublished":"2022-03-24T16:18:29+00:00","dateModified":"2025-05-26T16:47:31+00:00","breadcrumb":{"@id":"https:\/\/aipsettlementsupport.ca\/fr\/connexions-du-facilitateur\/#breadcrumb"},"inLanguage":"fr-FR"},{"@type":"WebSite","@id":"https:\/\/aipsettlementsupport.ca\/fr\/#website","url":"https:\/\/aipsettlementsupport.ca\/fr\/","name":"AIP Settlement Support","description":"","potentialAction":[{"@type":"SearchAction","target":{"@type":"EntryPoint","urlTemplate":"https:\/\/aipsettlementsupport.ca\/fr\/?s={search_term_string}"},"query-input":{"@type":"PropertyValueSpecification","valueRequired":true,"valueName":"search_term_string"}}],"inLanguage":"fr-FR"}]}},"_links":{"self":[{"href":"https:\/\/aipsettlementsupport.ca\/fr\/wp-json\/wp\/v2\/pages\/489","targetHints":{"allow":["GET"]}}],"collection":[{"href":"https:\/\/aipsettlementsupport.ca\/fr\/wp-json\/wp\/v2\/pages"}],"about":[{"href":"https:\/\/aipsettlementsupport.ca\/fr\/wp-json\/wp\/v2\/types\/page"}],"author":[{"embeddable":true,"href":"https:\/\/aipsettlementsupport.ca\/fr\/wp-json\/wp\/v2\/users\/3"}],"replies":[{"embeddable":true,"href":"https:\/\/aipsettlementsupport.ca\/fr\/wp-json\/wp\/v2\/comments?post=489"}],"version-history":[{"count":1,"href":"https:\/\/aipsettlementsupport.ca\/fr\/wp-json\/wp\/v2\/pages\/489\/revisions"}],"predecessor-version":[{"id":490,"href":"https:\/\/aipsettlementsupport.ca\/fr\/wp-json\/wp\/v2\/pages\/489\/revisions\/490"}],"wp:attachment":[{"href":"https:\/\/aipsettlementsupport.ca\/fr\/wp-json\/wp\/v2\/media?parent=489"}],"curies":[{"name":"wp","href":"https:\/\/api.w.org\/{rel}","templated":true}]}}