{"id":819,"date":"2024-10-28T07:21:07","date_gmt":"2024-10-28T11:21:07","guid":{"rendered":"https:\/\/aipsettlementsupport.ca\/?page_id=819"},"modified":"2024-11-25T12:55:57","modified_gmt":"2024-11-25T17:55:57","slug":"fournisseurs-de-services","status":"publish","type":"page","link":"https:\/\/aipsettlementsupport.ca\/fr\/fournisseurs-de-services\/","title":{"rendered":"Fournisseurs de services"},"content":{"rendered":"","protected":false},"excerpt":{"rendered":"","protected":false},"author":1,"featured_media":0,"parent":0,"menu_order":0,"comment_status":"closed","ping_status":"closed","template":"","meta":{"_acf_changed":false,"inline_featured_image":false,"footnotes":""},"class_list":["post-819","page","type-page","status-publish","hentry"],"acf":[],"yoast_head":"<!-- This site is optimized with the Yoast SEO plugin v27.4 - https:\/\/yoast.com\/product\/yoast-seo-wordpress\/ -->\n<title>Fournisseurs de services<\/title>\n<meta name=\"description\" content=\"Les agences d&#039;\u00e9tablissement et leur personnel jouent un r\u00f4le majeur dans la mise en \u0153uvre du PICA.\" \/>\n<meta name=\"robots\" content=\"index, follow, max-snippet:-1, max-image-preview:large, max-video-preview:-1\" \/>\n<link rel=\"canonical\" href=\"https:\/\/aipsettlementsupport.ca\/fr\/fournisseurs-de-services\/\" \/>\n<meta property=\"og:locale\" content=\"fr_FR\" \/>\n<meta property=\"og:type\" content=\"article\" \/>\n<meta property=\"og:title\" content=\"Fournisseurs de services\" \/>\n<meta property=\"og:description\" content=\"Les agences d&#039;\u00e9tablissement et leur personnel jouent un r\u00f4le majeur dans la mise en \u0153uvre du PICA.\" \/>\n<meta property=\"og:url\" content=\"https:\/\/aipsettlementsupport.ca\/fr\/fournisseurs-de-services\/\" \/>\n<meta property=\"og:site_name\" content=\"AIP Settlement Support\" \/>\n<meta property=\"article:modified_time\" content=\"2024-11-25T17:55:57+00:00\" \/>\n<meta name=\"twitter:card\" content=\"summary_large_image\" \/>\n<meta name=\"twitter:label1\" content=\"Dur\u00e9e de lecture estim\u00e9e\" \/>\n\t<meta name=\"twitter:data1\" content=\"2 minutes\" \/>\n<script type=\"application\/ld+json\" class=\"yoast-schema-graph\">{\"@context\":\"https:\\\/\\\/schema.org\",\"@graph\":[{\"@type\":\"WebPage\",\"@id\":\"https:\\\/\\\/aipsettlementsupport.ca\\\/fr\\\/fournisseurs-de-services\\\/\",\"url\":\"https:\\\/\\\/aipsettlementsupport.ca\\\/fr\\\/fournisseurs-de-services\\\/\",\"name\":\"Fournisseurs de services\",\"isPartOf\":{\"@id\":\"https:\\\/\\\/aipsettlementsupport.ca\\\/fr\\\/#website\"},\"datePublished\":\"2024-10-28T11:21:07+00:00\",\"dateModified\":\"2024-11-25T17:55:57+00:00\",\"description\":\"Les agences d'\u00e9tablissement et leur personnel jouent un r\u00f4le majeur dans la mise en \u0153uvre du PICA.\",\"breadcrumb\":{\"@id\":\"https:\\\/\\\/aipsettlementsupport.ca\\\/fr\\\/fournisseurs-de-services\\\/#breadcrumb\"},\"inLanguage\":\"fr-FR\",\"potentialAction\":[{\"@type\":\"ReadAction\",\"target\":[\"https:\\\/\\\/aipsettlementsupport.ca\\\/fr\\\/fournisseurs-de-services\\\/\"]}]},{\"@type\":\"BreadcrumbList\",\"@id\":\"https:\\\/\\\/aipsettlementsupport.ca\\\/fr\\\/fournisseurs-de-services\\\/#breadcrumb\",\"itemListElement\":[{\"@type\":\"ListItem\",\"position\":1,\"name\":\"Home\",\"item\":\"https:\\\/\\\/aipsettlementsupport.ca\\\/fr\\\/\"},{\"@type\":\"ListItem\",\"position\":2,\"name\":\"Fournisseurs de services\"}]},{\"@type\":\"WebSite\",\"@id\":\"https:\\\/\\\/aipsettlementsupport.ca\\\/fr\\\/#website\",\"url\":\"https:\\\/\\\/aipsettlementsupport.ca\\\/fr\\\/\",\"name\":\"AIP Settlement Support\",\"description\":\"\",\"potentialAction\":[{\"@type\":\"SearchAction\",\"target\":{\"@type\":\"EntryPoint\",\"urlTemplate\":\"https:\\\/\\\/aipsettlementsupport.ca\\\/fr\\\/?s={search_term_string}\"},\"query-input\":{\"@type\":\"PropertyValueSpecification\",\"valueRequired\":true,\"valueName\":\"search_term_string\"}}],\"inLanguage\":\"fr-FR\"}]}<\/script>\n<!-- \/ Yoast SEO plugin. -->","yoast_head_json":{"title":"Fournisseurs de services","description":"Les agences d'\u00e9tablissement et leur personnel jouent un r\u00f4le majeur dans la mise en \u0153uvre du PICA.","robots":{"index":"index","follow":"follow","max-snippet":"max-snippet:-1","max-image-preview":"max-image-preview:large","max-video-preview":"max-video-preview:-1"},"canonical":"https:\/\/aipsettlementsupport.ca\/fr\/fournisseurs-de-services\/","og_locale":"fr_FR","og_type":"article","og_title":"Fournisseurs de services","og_description":"Les agences d'\u00e9tablissement et leur personnel jouent un r\u00f4le majeur dans la mise en \u0153uvre du PICA.","og_url":"https:\/\/aipsettlementsupport.ca\/fr\/fournisseurs-de-services\/","og_site_name":"AIP Settlement Support","article_modified_time":"2024-11-25T17:55:57+00:00","twitter_card":"summary_large_image","twitter_misc":{"Dur\u00e9e de lecture estim\u00e9e":"2 minutes"},"schema":{"@context":"https:\/\/schema.org","@graph":[{"@type":"WebPage","@id":"https:\/\/aipsettlementsupport.ca\/fr\/fournisseurs-de-services\/","url":"https:\/\/aipsettlementsupport.ca\/fr\/fournisseurs-de-services\/","name":"Fournisseurs de services","isPartOf":{"@id":"https:\/\/aipsettlementsupport.ca\/fr\/#website"},"datePublished":"2024-10-28T11:21:07+00:00","dateModified":"2024-11-25T17:55:57+00:00","description":"Les agences d'\u00e9tablissement et leur personnel jouent un r\u00f4le majeur dans la mise en \u0153uvre du PICA.","breadcrumb":{"@id":"https:\/\/aipsettlementsupport.ca\/fr\/fournisseurs-de-services\/#breadcrumb"},"inLanguage":"fr-FR","potentialAction":[{"@type":"ReadAction","target":["https:\/\/aipsettlementsupport.ca\/fr\/fournisseurs-de-services\/"]}]},{"@type":"BreadcrumbList","@id":"https:\/\/aipsettlementsupport.ca\/fr\/fournisseurs-de-services\/#breadcrumb","itemListElement":[{"@type":"ListItem","position":1,"name":"Home","item":"https:\/\/aipsettlementsupport.ca\/fr\/"},{"@type":"ListItem","position":2,"name":"Fournisseurs de services"}]},{"@type":"WebSite","@id":"https:\/\/aipsettlementsupport.ca\/fr\/#website","url":"https:\/\/aipsettlementsupport.ca\/fr\/","name":"AIP Settlement Support","description":"","potentialAction":[{"@type":"SearchAction","target":{"@type":"EntryPoint","urlTemplate":"https:\/\/aipsettlementsupport.ca\/fr\/?s={search_term_string}"},"query-input":{"@type":"PropertyValueSpecification","valueRequired":true,"valueName":"search_term_string"}}],"inLanguage":"fr-FR"}]}},"_links":{"self":[{"href":"https:\/\/aipsettlementsupport.ca\/fr\/wp-json\/wp\/v2\/pages\/819","targetHints":{"allow":["GET"]}}],"collection":[{"href":"https:\/\/aipsettlementsupport.ca\/fr\/wp-json\/wp\/v2\/pages"}],"about":[{"href":"https:\/\/aipsettlementsupport.ca\/fr\/wp-json\/wp\/v2\/types\/page"}],"author":[{"embeddable":true,"href":"https:\/\/aipsettlementsupport.ca\/fr\/wp-json\/wp\/v2\/users\/1"}],"replies":[{"embeddable":true,"href":"https:\/\/aipsettlementsupport.ca\/fr\/wp-json\/wp\/v2\/comments?post=819"}],"version-history":[{"count":2,"href":"https:\/\/aipsettlementsupport.ca\/fr\/wp-json\/wp\/v2\/pages\/819\/revisions"}],"predecessor-version":[{"id":850,"href":"https:\/\/aipsettlementsupport.ca\/fr\/wp-json\/wp\/v2\/pages\/819\/revisions\/850"}],"wp:attachment":[{"href":"https:\/\/aipsettlementsupport.ca\/fr\/wp-json\/wp\/v2\/media?parent=819"}],"curies":[{"name":"wp","href":"https:\/\/api.w.org\/{rel}","templated":true}]}}